{"id":23,"date":"2023-11-12T17:19:01","date_gmt":"2023-11-12T17:19:01","guid":{"rendered":"https:\/\/centreauria.com\/?page_id=23"},"modified":"2024-08-26T07:56:40","modified_gmt":"2024-08-26T07:56:40","slug":"serveis","status":"publish","type":"page","link":"https:\/\/centreauria.com\/ca\/serveis\/","title":{"rendered":"Serveis"},"content":{"rendered":"<div data-elementor-type=\"wp-post\" data-elementor-id=\"23\" class=\"elementor elementor-23\">\n\t\t\t\t\t\t<section class=\"elementor-section elementor-top-section elementor-element elementor-element-b705b02 elementor-section-boxed elementor-section-height-default elementor-section-height-default\" data-id=\"b705b02\" data-element_type=\"section\">\n\t\t\t\t\t\t<div class=\"elementor-container elementor-column-gap-default\">\n\t\t\t\t\t<div class=\"elementor-column elementor-col-33 elementor-top-column elementor-element elementor-element-de2d47b\" data-id=\"de2d47b\" data-element_type=\"column\">\n\t\t\t<div class=\"elementor-widget-wrap elementor-element-populated\">\n\t\t\t\t\t\t<div class=\"elementor-element elementor-element-f8f4ceb elementor-position-top elementor-widget elementor-widget-image-box\" data-id=\"f8f4ceb\" data-element_type=\"widget\" data-widget_type=\"image-box.default\">\n\t\t\t\t<div class=\"elementor-widget-container\">\n\t\t\t\t\t<div class=\"elementor-image-box-wrapper\"><figure class=\"elementor-image-box-img\"><img fetchpriority=\"high\" decoding=\"async\" width=\"600\" height=\"600\" src=\"https:\/\/centreauria.com\/wp-content\/uploads\/2023\/12\/Terapia-Adults-Badalona.jpg\" class=\"attachment-full size-full wp-image-353\" alt=\"\" srcset=\"https:\/\/centreauria.com\/wp-content\/uploads\/2023\/12\/Terapia-Adults-Badalona.jpg 600w, https:\/\/centreauria.com\/wp-content\/uploads\/2023\/12\/Terapia-Adults-Badalona-300x300.jpg 300w, https:\/\/centreauria.com\/wp-content\/uploads\/2023\/12\/Terapia-Adults-Badalona-150x150.jpg 150w\" sizes=\"(max-width: 600px) 100vw, 600px\" \/><\/figure><div class=\"elementor-image-box-content\"><h3 class=\"elementor-image-box-title\">Psicoterapia Adults - 50\u20ac\/sessi\u00f3<\/h3><p class=\"elementor-image-box-description\">Ter\u00e0pia per adults al centre de Badalona. Trauma emocional, trastorns de l'estat d'\u00e0nim, ansietat, creixement personal.<\/p><\/div><\/div>\t\t\t\t<\/div>\n\t\t\t\t<\/div>\n\t\t\t\t\t<\/div>\n\t\t<\/div>\n\t\t\t\t<div class=\"elementor-column elementor-col-33 elementor-top-column elementor-element elementor-element-2197380\" data-id=\"2197380\" data-element_type=\"column\">\n\t\t\t<div class=\"elementor-widget-wrap elementor-element-populated\">\n\t\t\t\t\t\t<div class=\"elementor-element elementor-element-1436604 elementor-position-top elementor-widget elementor-widget-image-box\" data-id=\"1436604\" data-element_type=\"widget\" data-widget_type=\"image-box.default\">\n\t\t\t\t<div class=\"elementor-widget-container\">\n\t\t\t\t\t<div class=\"elementor-image-box-wrapper\"><figure class=\"elementor-image-box-img\"><img decoding=\"async\" width=\"600\" height=\"600\" src=\"https:\/\/centreauria.com\/wp-content\/uploads\/2023\/12\/Terapia-InfantoJuvenil-Badalona.jpg\" class=\"attachment-full size-full wp-image-354\" alt=\"\" srcset=\"https:\/\/centreauria.com\/wp-content\/uploads\/2023\/12\/Terapia-InfantoJuvenil-Badalona.jpg 600w, https:\/\/centreauria.com\/wp-content\/uploads\/2023\/12\/Terapia-InfantoJuvenil-Badalona-300x300.jpg 300w, https:\/\/centreauria.com\/wp-content\/uploads\/2023\/12\/Terapia-InfantoJuvenil-Badalona-150x150.jpg 150w\" sizes=\"(max-width: 600px) 100vw, 600px\" \/><\/figure><div class=\"elementor-image-box-content\"><h3 class=\"elementor-image-box-title\">Ter\u00e0pia Infants i Adolescents - 50\u20ac\/sessi\u00f3<\/h3><p class=\"elementor-image-box-description\">Ter\u00e0pia presencial per a nenes, nens i adolescents al centre de Badalona. Possibilitat de sessions en l\u00ednia amb els progenitors. Pautes de crian\u00e7a. <\/p><\/div><\/div>\t\t\t\t<\/div>\n\t\t\t\t<\/div>\n\t\t\t\t\t<\/div>\n\t\t<\/div>\n\t\t\t\t<div class=\"elementor-column elementor-col-33 elementor-top-column elementor-element elementor-element-17de7e2\" data-id=\"17de7e2\" data-element_type=\"column\">\n\t\t\t<div class=\"elementor-widget-wrap elementor-element-populated\">\n\t\t\t\t\t\t<div class=\"elementor-element elementor-element-e84c825 elementor-position-top elementor-widget elementor-widget-image-box\" data-id=\"e84c825\" data-element_type=\"widget\" data-widget_type=\"image-box.default\">\n\t\t\t\t<div class=\"elementor-widget-container\">\n\t\t\t\t\t<div class=\"elementor-image-box-wrapper\"><figure class=\"elementor-image-box-img\"><img decoding=\"async\" width=\"600\" height=\"600\" src=\"https:\/\/centreauria.com\/wp-content\/uploads\/2023\/12\/Terapia-Parella-Badalona.jpg\" class=\"attachment-full size-full wp-image-356\" alt=\"\" srcset=\"https:\/\/centreauria.com\/wp-content\/uploads\/2023\/12\/Terapia-Parella-Badalona.jpg 600w, https:\/\/centreauria.com\/wp-content\/uploads\/2023\/12\/Terapia-Parella-Badalona-300x300.jpg 300w, https:\/\/centreauria.com\/wp-content\/uploads\/2023\/12\/Terapia-Parella-Badalona-150x150.jpg 150w\" sizes=\"(max-width: 600px) 100vw, 600px\" \/><\/figure><div class=\"elementor-image-box-content\"><h3 class=\"elementor-image-box-title\">Ter\u00e0pia de parella - 70\u20ac\/sessi\u00f3<\/h3><p class=\"elementor-image-box-description\">Des de la comunicaci\u00f3 fins a la resoluci\u00f3 de conflictes. Fomentar l\u2019empatia, l\u2019enteniment, el creixement mutu, comprendre\u2019s i enfortir el vincle. <\/p><\/div><\/div>\t\t\t\t<\/div>\n\t\t\t\t<\/div>\n\t\t\t\t\t<\/div>\n\t\t<\/div>\n\t\t\t\t\t<\/div>\n\t\t<\/section>\n\t\t\t\t<section class=\"elementor-section elementor-top-section elementor-element elementor-element-c1564a8 elementor-section-boxed elementor-section-height-default elementor-section-height-default\" data-id=\"c1564a8\" data-element_type=\"section\">\n\t\t\t\t\t\t<div class=\"elementor-container elementor-column-gap-default\">\n\t\t\t\t\t<div class=\"elementor-column elementor-col-33 elementor-top-column elementor-element elementor-element-e0d84fc\" data-id=\"e0d84fc\" data-element_type=\"column\">\n\t\t\t<div class=\"elementor-widget-wrap elementor-element-populated\">\n\t\t\t\t\t\t<div class=\"elementor-element elementor-element-599578f elementor-position-top elementor-widget elementor-widget-image-box\" data-id=\"599578f\" data-element_type=\"widget\" data-widget_type=\"image-box.default\">\n\t\t\t\t<div class=\"elementor-widget-container\">\n\t\t\t\t\t<div class=\"elementor-image-box-wrapper\"><figure class=\"elementor-image-box-img\"><img loading=\"lazy\" decoding=\"async\" width=\"600\" height=\"600\" src=\"https:\/\/centreauria.com\/wp-content\/uploads\/2023\/12\/Terapia-Online-Badalona.jpg\" class=\"attachment-full size-full wp-image-355\" alt=\"\" srcset=\"https:\/\/centreauria.com\/wp-content\/uploads\/2023\/12\/Terapia-Online-Badalona.jpg 600w, https:\/\/centreauria.com\/wp-content\/uploads\/2023\/12\/Terapia-Online-Badalona-300x300.jpg 300w, https:\/\/centreauria.com\/wp-content\/uploads\/2023\/12\/Terapia-Online-Badalona-150x150.jpg 150w\" sizes=\"(max-width: 600px) 100vw, 600px\" \/><\/figure><div class=\"elementor-image-box-content\"><h3 class=\"elementor-image-box-title\">Ter\u00e0pia online - 50\u20ac\/sessi\u00f3<\/h3><p class=\"elementor-image-box-description\">Es poden fer totes les sessions en l\u00ednia sense perdre qualitat, aix\u00ed com tamb\u00e9 existeix la possibilitat de combinar-les amb sessions presencials, per facilitar l\u2019acc\u00e9s i adaptar-nos a les necessitats de les persones. <\/p><\/div><\/div>\t\t\t\t<\/div>\n\t\t\t\t<\/div>\n\t\t\t\t\t<\/div>\n\t\t<\/div>\n\t\t\t\t<div class=\"elementor-column elementor-col-33 elementor-top-column elementor-element elementor-element-b5befba\" data-id=\"b5befba\" data-element_type=\"column\">\n\t\t\t<div class=\"elementor-widget-wrap elementor-element-populated\">\n\t\t\t\t\t\t<div class=\"elementor-element elementor-element-6d6999e elementor-position-top elementor-widget elementor-widget-image-box\" data-id=\"6d6999e\" data-element_type=\"widget\" data-widget_type=\"image-box.default\">\n\t\t\t\t<div class=\"elementor-widget-container\">\n\t\t\t\t\t<div class=\"elementor-image-box-wrapper\"><figure class=\"elementor-image-box-img\"><a href=\"https:\/\/centreauria.com\/ca\/talleres-badalona\/\" target=\"_blank\" tabindex=\"-1\"><img loading=\"lazy\" decoding=\"async\" width=\"600\" height=\"600\" src=\"https:\/\/centreauria.com\/wp-content\/uploads\/2023\/12\/Tallers-Badalona.jpg\" class=\"attachment-full size-full wp-image-352\" alt=\"\" srcset=\"https:\/\/centreauria.com\/wp-content\/uploads\/2023\/12\/Tallers-Badalona.jpg 600w, https:\/\/centreauria.com\/wp-content\/uploads\/2023\/12\/Tallers-Badalona-300x300.jpg 300w, https:\/\/centreauria.com\/wp-content\/uploads\/2023\/12\/Tallers-Badalona-150x150.jpg 150w\" sizes=\"(max-width: 600px) 100vw, 600px\" \/><\/a><\/figure><div class=\"elementor-image-box-content\"><h3 class=\"elementor-image-box-title\"><a href=\"https:\/\/centreauria.com\/ca\/talleres-badalona\/\" target=\"_blank\">Tallers a Badalona<\/a><\/h3><p class=\"elementor-image-box-description\">Consulta els tallers que es realitzen al nostre centre.<\/p><\/div><\/div>\t\t\t\t<\/div>\n\t\t\t\t<\/div>\n\t\t\t\t\t<\/div>\n\t\t<\/div>\n\t\t\t\t<div class=\"elementor-column elementor-col-33 elementor-top-column elementor-element elementor-element-fd6bbeb\" data-id=\"fd6bbeb\" data-element_type=\"column\">\n\t\t\t<div class=\"elementor-widget-wrap\">\n\t\t\t\t\t\t\t<\/div>\n\t\t<\/div>\n\t\t\t\t\t<\/div>\n\t\t<\/section>\n\t\t\t\t<\/div>","protected":false},"excerpt":{"rendered":"<p>Psicoterapia Adultos &#8211; 50\u20ac\/sessi\u00f3n Terapia para adultos en el centro de Badalona. Trauma emocional, trastornos del estado de \u00e1nimo, ansiedad, crecimiento personal. Terapia infantil y adolescentes &#8211; 50\u20ac\/sessi\u00f3n Terapia presencial para ni\u00f1as, ni\u00f1os y adolescentes en el centro de Badalona. Posibilidad de sesiones online con los progenitores. Pautas de crianza. Terapia de pareja &#8211; 70\u20ac\/sessi\u00f3n [&hellip;]<\/p>\n","protected":false},"author":1,"featured_media":0,"parent":0,"menu_order":0,"comment_status":"closed","ping_status":"closed","template":"","meta":{"footnotes":""},"yoast_head":"<!-- This site is optimized with the Yoast SEO plugin v23.5 - https:\/\/yoast.com\/wordpress\/plugins\/seo\/ -->\n<title>Servicios - Centre \u00c0uria Psicologia<\/title>\n<meta name=\"description\" content=\"Entra i descobreix tots els serveis que et podem oferir. Ter\u00e0pia psicol\u00f2gica per adults, infants i adolescents. Servei de terapia de parella. Valoracions neuropsicol\u00f2giques. Oferim possibilitat de realitzar ter\u00e0pia online.\" \/>\n<meta name=\"robots\" content=\"index, follow, max-snippet:-1, max-image-preview:large, max-video-preview:-1\" \/>\n<link rel=\"canonical\" href=\"https:\/\/centreauria.com\/ca\/serveis\/\" \/>\n<meta property=\"og:locale\" content=\"ca_ES\" \/>\n<meta property=\"og:type\" content=\"article\" \/>\n<meta property=\"og:title\" content=\"Servicios - Centre \u00c0uria Psicologia\" \/>\n<meta property=\"og:description\" content=\"Entra i descobreix tots els serveis que et podem oferir. Ter\u00e0pia psicol\u00f2gica per adults, infants i adolescents. Servei de terapia de parella. Valoracions neuropsicol\u00f2giques. Oferim possibilitat de realitzar ter\u00e0pia online.\" \/>\n<meta property=\"og:url\" content=\"https:\/\/centreauria.com\/ca\/serveis\/\" \/>\n<meta property=\"og:site_name\" content=\"Centre \u00c0uria Psicologia\" \/>\n<meta property=\"article:publisher\" content=\"https:\/\/www.facebook.com\/profile.php?id=100092197562414\" \/>\n<meta property=\"article:modified_time\" content=\"2024-08-26T07:56:40+00:00\" \/>\n<meta property=\"og:image\" content=\"https:\/\/centreauria.com\/wp-content\/uploads\/2023\/12\/Terapia-Adults-Badalona.jpg\" \/>\n<meta name=\"twitter:card\" content=\"summary_large_image\" \/>\n<meta name=\"twitter:label1\" content=\"Temps estimat de lectura\" \/>\n\t<meta name=\"twitter:data1\" content=\"3 minuts\" \/>\n<script type=\"application\/ld+json\" class=\"yoast-schema-graph\">{\"@context\":\"https:\/\/schema.org\",\"@graph\":[{\"@type\":\"WebPage\",\"@id\":\"https:\/\/centreauria.com\/serveis\/\",\"url\":\"https:\/\/centreauria.com\/serveis\/\",\"name\":\"Servicios - Centre \u00c0uria Psicologia\",\"isPartOf\":{\"@id\":\"https:\/\/centreauria.com\/#website\"},\"primaryImageOfPage\":{\"@id\":\"https:\/\/centreauria.com\/serveis\/#primaryimage\"},\"image\":{\"@id\":\"https:\/\/centreauria.com\/serveis\/#primaryimage\"},\"thumbnailUrl\":\"https:\/\/centreauria.com\/wp-content\/uploads\/2023\/12\/Terapia-Adults-Badalona.jpg\",\"datePublished\":\"2023-11-12T17:19:01+00:00\",\"dateModified\":\"2024-08-26T07:56:40+00:00\",\"description\":\"Entra i descobreix tots els serveis que et podem oferir. Ter\u00e0pia psicol\u00f2gica per adults, infants i adolescents. Servei de terapia de parella. Valoracions neuropsicol\u00f2giques. Oferim possibilitat de realitzar ter\u00e0pia online.\",\"breadcrumb\":{\"@id\":\"https:\/\/centreauria.com\/serveis\/#breadcrumb\"},\"inLanguage\":\"ca\",\"potentialAction\":[{\"@type\":\"ReadAction\",\"target\":[\"https:\/\/centreauria.com\/serveis\/\"]}]},{\"@type\":\"ImageObject\",\"inLanguage\":\"ca\",\"@id\":\"https:\/\/centreauria.com\/serveis\/#primaryimage\",\"url\":\"https:\/\/centreauria.com\/wp-content\/uploads\/2023\/12\/Terapia-Adults-Badalona.jpg\",\"contentUrl\":\"https:\/\/centreauria.com\/wp-content\/uploads\/2023\/12\/Terapia-Adults-Badalona.jpg\"},{\"@type\":\"BreadcrumbList\",\"@id\":\"https:\/\/centreauria.com\/serveis\/#breadcrumb\",\"itemListElement\":[{\"@type\":\"ListItem\",\"position\":1,\"name\":\"Portada\",\"item\":\"https:\/\/centreauria.com\/\"},{\"@type\":\"ListItem\",\"position\":2,\"name\":\"Servicios\"}]},{\"@type\":\"WebSite\",\"@id\":\"https:\/\/centreauria.com\/#website\",\"url\":\"https:\/\/centreauria.com\/\",\"name\":\"Centre \u00c0uria Psicologia\",\"description\":\"Centre de Psicologia a Badalona\",\"publisher\":{\"@id\":\"https:\/\/centreauria.com\/#organization\"},\"alternateName\":\"Psicologia Badalona Centre \u00c0uria Psicologia\",\"potentialAction\":[{\"@type\":\"SearchAction\",\"target\":{\"@type\":\"EntryPoint\",\"urlTemplate\":\"https:\/\/centreauria.com\/?s={search_term_string}\"},\"query-input\":{\"@type\":\"PropertyValueSpecification\",\"valueRequired\":true,\"valueName\":\"search_term_string\"}}],\"inLanguage\":\"ca\"},{\"@type\":\"Organization\",\"@id\":\"https:\/\/centreauria.com\/#organization\",\"name\":\"Centre \u00c0uria\",\"url\":\"https:\/\/centreauria.com\/\",\"logo\":{\"@type\":\"ImageObject\",\"inLanguage\":\"ca\",\"@id\":\"https:\/\/centreauria.com\/#\/schema\/logo\/image\/\",\"url\":\"https:\/\/centreauria.com\/wp-content\/uploads\/2023\/11\/Auria-Capcalera-web-600.jpg\",\"contentUrl\":\"https:\/\/centreauria.com\/wp-content\/uploads\/2023\/11\/Auria-Capcalera-web-600.jpg\",\"width\":600,\"height\":350,\"caption\":\"Centre \u00c0uria\"},\"image\":{\"@id\":\"https:\/\/centreauria.com\/#\/schema\/logo\/image\/\"},\"sameAs\":[\"https:\/\/www.facebook.com\/profile.php?id=100092197562414\",\"https:\/\/www.instagram.com\/centreauria\/\"]}]}<\/script>\n<!-- \/ Yoast SEO plugin. -->","yoast_head_json":{"title":"Servicios - Centre \u00c0uria Psicologia","description":"Entra i descobreix tots els serveis que et podem oferir. Ter\u00e0pia psicol\u00f2gica per adults, infants i adolescents. Servei de terapia de parella. Valoracions neuropsicol\u00f2giques. Oferim possibilitat de realitzar ter\u00e0pia online.","robots":{"index":"index","follow":"follow","max-snippet":"max-snippet:-1","max-image-preview":"max-image-preview:large","max-video-preview":"max-video-preview:-1"},"canonical":"https:\/\/centreauria.com\/ca\/serveis\/","og_locale":"ca_ES","og_type":"article","og_title":"Servicios - Centre \u00c0uria Psicologia","og_description":"Entra i descobreix tots els serveis que et podem oferir. Ter\u00e0pia psicol\u00f2gica per adults, infants i adolescents. Servei de terapia de parella. Valoracions neuropsicol\u00f2giques. Oferim possibilitat de realitzar ter\u00e0pia online.","og_url":"https:\/\/centreauria.com\/ca\/serveis\/","og_site_name":"Centre \u00c0uria Psicologia","article_publisher":"https:\/\/www.facebook.com\/profile.php?id=100092197562414","article_modified_time":"2024-08-26T07:56:40+00:00","og_image":[{"url":"https:\/\/centreauria.com\/wp-content\/uploads\/2023\/12\/Terapia-Adults-Badalona.jpg"}],"twitter_card":"summary_large_image","twitter_misc":{"Temps estimat de lectura":"3 minuts"},"schema":{"@context":"https:\/\/schema.org","@graph":[{"@type":"WebPage","@id":"https:\/\/centreauria.com\/serveis\/","url":"https:\/\/centreauria.com\/serveis\/","name":"Servicios - Centre \u00c0uria Psicologia","isPartOf":{"@id":"https:\/\/centreauria.com\/#website"},"primaryImageOfPage":{"@id":"https:\/\/centreauria.com\/serveis\/#primaryimage"},"image":{"@id":"https:\/\/centreauria.com\/serveis\/#primaryimage"},"thumbnailUrl":"https:\/\/centreauria.com\/wp-content\/uploads\/2023\/12\/Terapia-Adults-Badalona.jpg","datePublished":"2023-11-12T17:19:01+00:00","dateModified":"2024-08-26T07:56:40+00:00","description":"Entra i descobreix tots els serveis que et podem oferir. Ter\u00e0pia psicol\u00f2gica per adults, infants i adolescents. Servei de terapia de parella. Valoracions neuropsicol\u00f2giques. Oferim possibilitat de realitzar ter\u00e0pia online.","breadcrumb":{"@id":"https:\/\/centreauria.com\/serveis\/#breadcrumb"},"inLanguage":"ca","potentialAction":[{"@type":"ReadAction","target":["https:\/\/centreauria.com\/serveis\/"]}]},{"@type":"ImageObject","inLanguage":"ca","@id":"https:\/\/centreauria.com\/serveis\/#primaryimage","url":"https:\/\/centreauria.com\/wp-content\/uploads\/2023\/12\/Terapia-Adults-Badalona.jpg","contentUrl":"https:\/\/centreauria.com\/wp-content\/uploads\/2023\/12\/Terapia-Adults-Badalona.jpg"},{"@type":"BreadcrumbList","@id":"https:\/\/centreauria.com\/serveis\/#breadcrumb","itemListElement":[{"@type":"ListItem","position":1,"name":"Portada","item":"https:\/\/centreauria.com\/"},{"@type":"ListItem","position":2,"name":"Servicios"}]},{"@type":"WebSite","@id":"https:\/\/centreauria.com\/#website","url":"https:\/\/centreauria.com\/","name":"Centre \u00c0uria Psicologia","description":"Centre de Psicologia a Badalona","publisher":{"@id":"https:\/\/centreauria.com\/#organization"},"alternateName":"Psicologia Badalona Centre \u00c0uria Psicologia","potentialAction":[{"@type":"SearchAction","target":{"@type":"EntryPoint","urlTemplate":"https:\/\/centreauria.com\/?s={search_term_string}"},"query-input":{"@type":"PropertyValueSpecification","valueRequired":true,"valueName":"search_term_string"}}],"inLanguage":"ca"},{"@type":"Organization","@id":"https:\/\/centreauria.com\/#organization","name":"Centre \u00c0uria","url":"https:\/\/centreauria.com\/","logo":{"@type":"ImageObject","inLanguage":"ca","@id":"https:\/\/centreauria.com\/#\/schema\/logo\/image\/","url":"https:\/\/centreauria.com\/wp-content\/uploads\/2023\/11\/Auria-Capcalera-web-600.jpg","contentUrl":"https:\/\/centreauria.com\/wp-content\/uploads\/2023\/11\/Auria-Capcalera-web-600.jpg","width":600,"height":350,"caption":"Centre \u00c0uria"},"image":{"@id":"https:\/\/centreauria.com\/#\/schema\/logo\/image\/"},"sameAs":["https:\/\/www.facebook.com\/profile.php?id=100092197562414","https:\/\/www.instagram.com\/centreauria\/"]}]}},"_links":{"self":[{"href":"https:\/\/centreauria.com\/ca\/wp-json\/wp\/v2\/pages\/23"}],"collection":[{"href":"https:\/\/centreauria.com\/ca\/wp-json\/wp\/v2\/pages"}],"about":[{"href":"https:\/\/centreauria.com\/ca\/wp-json\/wp\/v2\/types\/page"}],"author":[{"embeddable":true,"href":"https:\/\/centreauria.com\/ca\/wp-json\/wp\/v2\/users\/1"}],"replies":[{"embeddable":true,"href":"https:\/\/centreauria.com\/ca\/wp-json\/wp\/v2\/comments?post=23"}],"version-history":[{"count":0,"href":"https:\/\/centreauria.com\/ca\/wp-json\/wp\/v2\/pages\/23\/revisions"}],"wp:attachment":[{"href":"https:\/\/centreauria.com\/ca\/wp-json\/wp\/v2\/media?parent=23"}],"curies":[{"name":"wp","href":"https:\/\/api.w.org\/{rel}","templated":true}]}}