{"id":26,"date":"2023-11-12T17:19:01","date_gmt":"2023-11-12T17:19:01","guid":{"rendered":"https:\/\/centreauria.com\/?page_id=26"},"modified":"2024-08-26T08:00:12","modified_gmt":"2024-08-26T08:00:12","slug":"sobre-nosotras","status":"publish","type":"page","link":"https:\/\/centreauria.com\/ca\/sobre-nosotras\/","title":{"rendered":"Sobre Nosaltres"},"content":{"rendered":"<div data-elementor-type=\"wp-post\" data-elementor-id=\"26\" class=\"elementor elementor-26\">\n\t\t\t\t\t\t<section class=\"elementor-section elementor-top-section elementor-element elementor-element-0185a88 elementor-section-stretched elementor-section-boxed elementor-section-height-default elementor-section-height-default\" data-id=\"0185a88\" data-element_type=\"section\" data-settings=\"{&quot;stretch_section&quot;:&quot;section-stretched&quot;}\">\n\t\t\t\t\t\t<div class=\"elementor-container elementor-column-gap-default\">\n\t\t\t\t\t<div class=\"elementor-column elementor-col-50 elementor-top-column elementor-element elementor-element-16c40eb\" data-id=\"16c40eb\" data-element_type=\"column\">\n\t\t\t<div class=\"elementor-widget-wrap elementor-element-populated\">\n\t\t\t\t\t\t<div class=\"elementor-element elementor-element-d23d9cd elementor-position-left elementor-vertical-align-top elementor-widget elementor-widget-image-box\" data-id=\"d23d9cd\" data-element_type=\"widget\" data-widget_type=\"image-box.default\">\n\t\t\t\t<div class=\"elementor-widget-container\">\n\t\t\t\t\t<div class=\"elementor-image-box-wrapper\"><figure class=\"elementor-image-box-img\"><img fetchpriority=\"high\" decoding=\"async\" width=\"600\" height=\"600\" src=\"https:\/\/centreauria.com\/wp-content\/uploads\/2023\/11\/Psicologia-Badalona-Lucia.jpg\" class=\"attachment-full size-full wp-image-232\" alt=\"Psicoterapia. Lucia G\u00f3mez. Centre \u00c0uria. Badalona.\" srcset=\"https:\/\/centreauria.com\/wp-content\/uploads\/2023\/11\/Psicologia-Badalona-Lucia.jpg 600w, https:\/\/centreauria.com\/wp-content\/uploads\/2023\/11\/Psicologia-Badalona-Lucia-300x300.jpg 300w, https:\/\/centreauria.com\/wp-content\/uploads\/2023\/11\/Psicologia-Badalona-Lucia-150x150.jpg 150w\" sizes=\"(max-width: 600px) 100vw, 600px\" \/><\/figure><div class=\"elementor-image-box-content\"><h3 class=\"elementor-image-box-title\">Lucia G\u00f3mez. Psicoterapia adults.<\/h3><p class=\"elementor-image-box-description\">Psicologa General Sanit\u00e0ria. Especialitzada en psicoter\u00e0pia constructivista i integradora i en trauma. Individual i de parella. Terapeuta EMDR. Formaci\u00f3 en psicologia humanista, trauma emocional, suport psicol\u00f2gic en alimentaci\u00f3 saludable i coaching nutricional entre altres. <\/p><\/div><\/div>\t\t\t\t<\/div>\n\t\t\t\t<\/div>\n\t\t\t\t\t<\/div>\n\t\t<\/div>\n\t\t\t\t<div class=\"elementor-column elementor-col-50 elementor-top-column elementor-element elementor-element-16a980e\" data-id=\"16a980e\" data-element_type=\"column\">\n\t\t\t<div class=\"elementor-widget-wrap elementor-element-populated\">\n\t\t\t\t\t\t<div class=\"elementor-element elementor-element-92d045a elementor-position-left elementor-vertical-align-top elementor-widget elementor-widget-image-box\" data-id=\"92d045a\" data-element_type=\"widget\" data-widget_type=\"image-box.default\">\n\t\t\t\t<div class=\"elementor-widget-container\">\n\t\t\t\t\t<div class=\"elementor-image-box-wrapper\"><figure class=\"elementor-image-box-img\"><img decoding=\"async\" width=\"600\" height=\"600\" src=\"https:\/\/centreauria.com\/wp-content\/uploads\/2023\/11\/Psicologia-Badalona-Anais.jpg\" class=\"attachment-full size-full wp-image-231\" alt=\"Psicoterapia. Ana\u00efs Manzanares. Centre \u00c0uria. Badalona.\" srcset=\"https:\/\/centreauria.com\/wp-content\/uploads\/2023\/11\/Psicologia-Badalona-Anais.jpg 600w, https:\/\/centreauria.com\/wp-content\/uploads\/2023\/11\/Psicologia-Badalona-Anais-300x300.jpg 300w, https:\/\/centreauria.com\/wp-content\/uploads\/2023\/11\/Psicologia-Badalona-Anais-150x150.jpg 150w\" sizes=\"(max-width: 600px) 100vw, 600px\" \/><\/figure><div class=\"elementor-image-box-content\"><h3 class=\"elementor-image-box-title\">Ana\u00efs Manzanares. Psicoterapia infanto-juvenil i adults.<\/h3><p class=\"elementor-image-box-description\">Psic\u00f2loga General Sanit\u00e0ria. Especialitzada en psicoter\u00e0pia integradora, trauma, ansietat i reeducacions infantils. Ter\u00e0pia individual d\u2019adults, adolescents i infants. Formaci\u00f3 en EMDR, trauma, primers auxilis psicol\u00f2gics, autolesions a l'adolesc\u00e8ncia i vincles, entre altres.<\/p><\/div><\/div>\t\t\t\t<\/div>\n\t\t\t\t<\/div>\n\t\t\t\t\t<\/div>\n\t\t<\/div>\n\t\t\t\t\t<\/div>\n\t\t<\/section>\n\t\t\t\t<section class=\"elementor-section elementor-top-section elementor-element elementor-element-cd5f990 elementor-section-boxed elementor-section-height-default elementor-section-height-default\" data-id=\"cd5f990\" data-element_type=\"section\">\n\t\t\t\t\t\t<div class=\"elementor-container elementor-column-gap-default\">\n\t\t\t\t\t<div class=\"elementor-column elementor-col-50 elementor-top-column elementor-element elementor-element-419114f\" data-id=\"419114f\" data-element_type=\"column\">\n\t\t\t<div class=\"elementor-widget-wrap elementor-element-populated\">\n\t\t\t\t\t\t<div class=\"elementor-element elementor-element-54c33b4 elementor-position-left elementor-vertical-align-top elementor-widget elementor-widget-image-box\" data-id=\"54c33b4\" data-element_type=\"widget\" data-widget_type=\"image-box.default\">\n\t\t\t\t<div class=\"elementor-widget-container\">\n\t\t\t\t\t<div class=\"elementor-image-box-wrapper\"><figure class=\"elementor-image-box-img\"><img decoding=\"async\" width=\"600\" height=\"600\" src=\"https:\/\/centreauria.com\/wp-content\/uploads\/2023\/11\/Neuropsicologia-Badalona-Xochilt.jpg\" class=\"attachment-full size-full wp-image-234\" alt=\"Neuropsicologa. Xochilt. Centre \u00c0uria. Badalona.\" srcset=\"https:\/\/centreauria.com\/wp-content\/uploads\/2023\/11\/Neuropsicologia-Badalona-Xochilt.jpg 600w, https:\/\/centreauria.com\/wp-content\/uploads\/2023\/11\/Neuropsicologia-Badalona-Xochilt-300x300.jpg 300w, https:\/\/centreauria.com\/wp-content\/uploads\/2023\/11\/Neuropsicologia-Badalona-Xochilt-150x150.jpg 150w\" sizes=\"(max-width: 600px) 100vw, 600px\" \/><\/figure><div class=\"elementor-image-box-content\"><h3 class=\"elementor-image-box-title\">Xochitl Mart\u00ednez. Neuropsicologia.   <\/h3><p class=\"elementor-image-box-description\">Diagn\u00f2stic neuropsicol\u00f2gic, trastorns del moviment, neurodiversitat, TDAH, TEA, etc. \u00c0mplia traject\u00f2ria en salut mental i addiccions. <br>\"La meva trajectoria profesional m'ha aportat una mirada global sobre les persones a les que atenc\".  <\/p><\/div><\/div>\t\t\t\t<\/div>\n\t\t\t\t<\/div>\n\t\t\t\t\t<\/div>\n\t\t<\/div>\n\t\t\t\t<div class=\"elementor-column elementor-col-50 elementor-top-column elementor-element elementor-element-16ef249\" data-id=\"16ef249\" data-element_type=\"column\">\n\t\t\t<div class=\"elementor-widget-wrap elementor-element-populated\">\n\t\t\t\t\t\t\t<\/div>\n\t\t<\/div>\n\t\t\t\t\t<\/div>\n\t\t<\/section>\n\t\t\t\t<\/div>","protected":false},"excerpt":{"rendered":"<p>Lucia G\u00f3mez. Psicoterapia adults. Psicologa General Sanit\u00e0ria. Especialitzada en psicoter\u00e0pia constructivista i integradora i en trauma. Individual i de parella. Terapeuta EMDR. Formaci\u00f3 en psicologia humanista, trauma emocional, suport psicol\u00f2gic en alimentaci\u00f3 saludable i coaching nutricional entre altres. Ana\u00efs Manzanares. Psicoterapia infanto-juvenil i adults. Psic\u00f2loga General Sanit\u00e0ria. Especialitzada en psicoter\u00e0pia integradora, trauma, ansietat i reeducacions [&hellip;]<\/p>\n","protected":false},"author":1,"featured_media":0,"parent":0,"menu_order":0,"comment_status":"closed","ping_status":"closed","template":"","meta":{"footnotes":""},"yoast_head":"<!-- This site is optimized with the Yoast SEO plugin v23.5 - https:\/\/yoast.com\/wordpress\/plugins\/seo\/ -->\n<title>Sobre Nosotras - Centre \u00c0uria Psicologia<\/title>\n<meta name=\"robots\" content=\"index, follow, max-snippet:-1, max-image-preview:large, max-video-preview:-1\" \/>\n<link rel=\"canonical\" href=\"https:\/\/centreauria.com\/ca\/sobre-nosotras\/\" \/>\n<meta property=\"og:locale\" content=\"ca_ES\" \/>\n<meta property=\"og:type\" content=\"article\" \/>\n<meta property=\"og:title\" content=\"Sobre Nosotras - Centre \u00c0uria Psicologia\" \/>\n<meta property=\"og:description\" content=\"Lucia G\u00f3mez. Psicoterapia adults. Psicologa General Sanit\u00e0ria. Especialitzada en psicoter\u00e0pia constructivista i integradora i en trauma. Individual i de parella. Terapeuta EMDR. Formaci\u00f3 en psicologia humanista, trauma emocional, suport psicol\u00f2gic en alimentaci\u00f3 saludable i coaching nutricional entre altres. Ana\u00efs Manzanares. Psicoterapia infanto-juvenil i adults. Psic\u00f2loga General Sanit\u00e0ria. Especialitzada en psicoter\u00e0pia integradora, trauma, ansietat i reeducacions [&hellip;]\" \/>\n<meta property=\"og:url\" content=\"https:\/\/centreauria.com\/ca\/sobre-nosotras\/\" \/>\n<meta property=\"og:site_name\" content=\"Centre \u00c0uria Psicologia\" \/>\n<meta property=\"article:publisher\" content=\"https:\/\/www.facebook.com\/profile.php?id=100092197562414\" \/>\n<meta property=\"article:modified_time\" content=\"2024-08-26T08:00:12+00:00\" \/>\n<meta property=\"og:image\" content=\"https:\/\/centreauria.com\/wp-content\/uploads\/2023\/11\/Psicologia-Badalona-Lucia.jpg\" \/>\n<meta name=\"twitter:card\" content=\"summary_large_image\" \/>\n<meta name=\"twitter:label1\" content=\"Temps estimat de lectura\" \/>\n\t<meta name=\"twitter:data1\" content=\"1 minut\" \/>\n<script type=\"application\/ld+json\" class=\"yoast-schema-graph\">{\"@context\":\"https:\/\/schema.org\",\"@graph\":[{\"@type\":\"WebPage\",\"@id\":\"https:\/\/centreauria.com\/sobre-nosotras\/\",\"url\":\"https:\/\/centreauria.com\/sobre-nosotras\/\",\"name\":\"Sobre Nosotras - Centre \u00c0uria Psicologia\",\"isPartOf\":{\"@id\":\"https:\/\/centreauria.com\/#website\"},\"primaryImageOfPage\":{\"@id\":\"https:\/\/centreauria.com\/sobre-nosotras\/#primaryimage\"},\"image\":{\"@id\":\"https:\/\/centreauria.com\/sobre-nosotras\/#primaryimage\"},\"thumbnailUrl\":\"https:\/\/centreauria.com\/wp-content\/uploads\/2023\/11\/Psicologia-Badalona-Lucia.jpg\",\"datePublished\":\"2023-11-12T17:19:01+00:00\",\"dateModified\":\"2024-08-26T08:00:12+00:00\",\"breadcrumb\":{\"@id\":\"https:\/\/centreauria.com\/sobre-nosotras\/#breadcrumb\"},\"inLanguage\":\"ca\",\"potentialAction\":[{\"@type\":\"ReadAction\",\"target\":[\"https:\/\/centreauria.com\/sobre-nosotras\/\"]}]},{\"@type\":\"ImageObject\",\"inLanguage\":\"ca\",\"@id\":\"https:\/\/centreauria.com\/sobre-nosotras\/#primaryimage\",\"url\":\"https:\/\/centreauria.com\/wp-content\/uploads\/2023\/11\/Psicologia-Badalona-Lucia.jpg\",\"contentUrl\":\"https:\/\/centreauria.com\/wp-content\/uploads\/2023\/11\/Psicologia-Badalona-Lucia.jpg\"},{\"@type\":\"BreadcrumbList\",\"@id\":\"https:\/\/centreauria.com\/sobre-nosotras\/#breadcrumb\",\"itemListElement\":[{\"@type\":\"ListItem\",\"position\":1,\"name\":\"Portada\",\"item\":\"https:\/\/centreauria.com\/\"},{\"@type\":\"ListItem\",\"position\":2,\"name\":\"Sobre Nosotras\"}]},{\"@type\":\"WebSite\",\"@id\":\"https:\/\/centreauria.com\/#website\",\"url\":\"https:\/\/centreauria.com\/\",\"name\":\"Centre \u00c0uria Psicologia\",\"description\":\"Centre de Psicologia a Badalona\",\"publisher\":{\"@id\":\"https:\/\/centreauria.com\/#organization\"},\"alternateName\":\"Psicologia Badalona Centre \u00c0uria Psicologia\",\"potentialAction\":[{\"@type\":\"SearchAction\",\"target\":{\"@type\":\"EntryPoint\",\"urlTemplate\":\"https:\/\/centreauria.com\/?s={search_term_string}\"},\"query-input\":{\"@type\":\"PropertyValueSpecification\",\"valueRequired\":true,\"valueName\":\"search_term_string\"}}],\"inLanguage\":\"ca\"},{\"@type\":\"Organization\",\"@id\":\"https:\/\/centreauria.com\/#organization\",\"name\":\"Centre \u00c0uria\",\"url\":\"https:\/\/centreauria.com\/\",\"logo\":{\"@type\":\"ImageObject\",\"inLanguage\":\"ca\",\"@id\":\"https:\/\/centreauria.com\/#\/schema\/logo\/image\/\",\"url\":\"https:\/\/centreauria.com\/wp-content\/uploads\/2023\/11\/Auria-Capcalera-web-600.jpg\",\"contentUrl\":\"https:\/\/centreauria.com\/wp-content\/uploads\/2023\/11\/Auria-Capcalera-web-600.jpg\",\"width\":600,\"height\":350,\"caption\":\"Centre \u00c0uria\"},\"image\":{\"@id\":\"https:\/\/centreauria.com\/#\/schema\/logo\/image\/\"},\"sameAs\":[\"https:\/\/www.facebook.com\/profile.php?id=100092197562414\",\"https:\/\/www.instagram.com\/centreauria\/\"]}]}<\/script>\n<!-- \/ Yoast SEO plugin. -->","yoast_head_json":{"title":"Sobre Nosotras - Centre \u00c0uria Psicologia","robots":{"index":"index","follow":"follow","max-snippet":"max-snippet:-1","max-image-preview":"max-image-preview:large","max-video-preview":"max-video-preview:-1"},"canonical":"https:\/\/centreauria.com\/ca\/sobre-nosotras\/","og_locale":"ca_ES","og_type":"article","og_title":"Sobre Nosotras - Centre \u00c0uria Psicologia","og_description":"Lucia G\u00f3mez. Psicoterapia adults. Psicologa General Sanit\u00e0ria. Especialitzada en psicoter\u00e0pia constructivista i integradora i en trauma. Individual i de parella. Terapeuta EMDR. Formaci\u00f3 en psicologia humanista, trauma emocional, suport psicol\u00f2gic en alimentaci\u00f3 saludable i coaching nutricional entre altres. Ana\u00efs Manzanares. Psicoterapia infanto-juvenil i adults. Psic\u00f2loga General Sanit\u00e0ria. Especialitzada en psicoter\u00e0pia integradora, trauma, ansietat i reeducacions [&hellip;]","og_url":"https:\/\/centreauria.com\/ca\/sobre-nosotras\/","og_site_name":"Centre \u00c0uria Psicologia","article_publisher":"https:\/\/www.facebook.com\/profile.php?id=100092197562414","article_modified_time":"2024-08-26T08:00:12+00:00","og_image":[{"url":"https:\/\/centreauria.com\/wp-content\/uploads\/2023\/11\/Psicologia-Badalona-Lucia.jpg"}],"twitter_card":"summary_large_image","twitter_misc":{"Temps estimat de lectura":"1 minut"},"schema":{"@context":"https:\/\/schema.org","@graph":[{"@type":"WebPage","@id":"https:\/\/centreauria.com\/sobre-nosotras\/","url":"https:\/\/centreauria.com\/sobre-nosotras\/","name":"Sobre Nosotras - Centre \u00c0uria Psicologia","isPartOf":{"@id":"https:\/\/centreauria.com\/#website"},"primaryImageOfPage":{"@id":"https:\/\/centreauria.com\/sobre-nosotras\/#primaryimage"},"image":{"@id":"https:\/\/centreauria.com\/sobre-nosotras\/#primaryimage"},"thumbnailUrl":"https:\/\/centreauria.com\/wp-content\/uploads\/2023\/11\/Psicologia-Badalona-Lucia.jpg","datePublished":"2023-11-12T17:19:01+00:00","dateModified":"2024-08-26T08:00:12+00:00","breadcrumb":{"@id":"https:\/\/centreauria.com\/sobre-nosotras\/#breadcrumb"},"inLanguage":"ca","potentialAction":[{"@type":"ReadAction","target":["https:\/\/centreauria.com\/sobre-nosotras\/"]}]},{"@type":"ImageObject","inLanguage":"ca","@id":"https:\/\/centreauria.com\/sobre-nosotras\/#primaryimage","url":"https:\/\/centreauria.com\/wp-content\/uploads\/2023\/11\/Psicologia-Badalona-Lucia.jpg","contentUrl":"https:\/\/centreauria.com\/wp-content\/uploads\/2023\/11\/Psicologia-Badalona-Lucia.jpg"},{"@type":"BreadcrumbList","@id":"https:\/\/centreauria.com\/sobre-nosotras\/#breadcrumb","itemListElement":[{"@type":"ListItem","position":1,"name":"Portada","item":"https:\/\/centreauria.com\/"},{"@type":"ListItem","position":2,"name":"Sobre Nosotras"}]},{"@type":"WebSite","@id":"https:\/\/centreauria.com\/#website","url":"https:\/\/centreauria.com\/","name":"Centre \u00c0uria Psicologia","description":"Centre de Psicologia a Badalona","publisher":{"@id":"https:\/\/centreauria.com\/#organization"},"alternateName":"Psicologia Badalona Centre \u00c0uria Psicologia","potentialAction":[{"@type":"SearchAction","target":{"@type":"EntryPoint","urlTemplate":"https:\/\/centreauria.com\/?s={search_term_string}"},"query-input":{"@type":"PropertyValueSpecification","valueRequired":true,"valueName":"search_term_string"}}],"inLanguage":"ca"},{"@type":"Organization","@id":"https:\/\/centreauria.com\/#organization","name":"Centre \u00c0uria","url":"https:\/\/centreauria.com\/","logo":{"@type":"ImageObject","inLanguage":"ca","@id":"https:\/\/centreauria.com\/#\/schema\/logo\/image\/","url":"https:\/\/centreauria.com\/wp-content\/uploads\/2023\/11\/Auria-Capcalera-web-600.jpg","contentUrl":"https:\/\/centreauria.com\/wp-content\/uploads\/2023\/11\/Auria-Capcalera-web-600.jpg","width":600,"height":350,"caption":"Centre \u00c0uria"},"image":{"@id":"https:\/\/centreauria.com\/#\/schema\/logo\/image\/"},"sameAs":["https:\/\/www.facebook.com\/profile.php?id=100092197562414","https:\/\/www.instagram.com\/centreauria\/"]}]}},"_links":{"self":[{"href":"https:\/\/centreauria.com\/ca\/wp-json\/wp\/v2\/pages\/26"}],"collection":[{"href":"https:\/\/centreauria.com\/ca\/wp-json\/wp\/v2\/pages"}],"about":[{"href":"https:\/\/centreauria.com\/ca\/wp-json\/wp\/v2\/types\/page"}],"author":[{"embeddable":true,"href":"https:\/\/centreauria.com\/ca\/wp-json\/wp\/v2\/users\/1"}],"replies":[{"embeddable":true,"href":"https:\/\/centreauria.com\/ca\/wp-json\/wp\/v2\/comments?post=26"}],"version-history":[{"count":0,"href":"https:\/\/centreauria.com\/ca\/wp-json\/wp\/v2\/pages\/26\/revisions"}],"wp:attachment":[{"href":"https:\/\/centreauria.com\/ca\/wp-json\/wp\/v2\/media?parent=26"}],"curies":[{"name":"wp","href":"https:\/\/api.w.org\/{rel}","templated":true}]}}