{"id":29,"date":"2023-11-12T17:19:01","date_gmt":"2023-11-12T17:19:01","guid":{"rendered":"https:\/\/centreauria.com\/?page_id=29"},"modified":"2024-08-26T07:57:07","modified_gmt":"2024-08-26T07:57:07","slug":"donde-estamos","status":"publish","type":"page","link":"https:\/\/centreauria.com\/ca\/donde-estamos\/","title":{"rendered":"D\u00f3nde estamos"},"content":{"rendered":"<div data-elementor-type=\"wp-post\" data-elementor-id=\"29\" class=\"elementor elementor-29\">\n\t\t\t\t\t\t<section class=\"elementor-section elementor-top-section elementor-element elementor-element-71f52b0 elementor-section-boxed elementor-section-height-default elementor-section-height-default\" data-id=\"71f52b0\" data-element_type=\"section\">\n\t\t\t\t\t\t<div class=\"elementor-container elementor-column-gap-default\">\n\t\t\t\t\t<div class=\"elementor-column elementor-col-100 elementor-top-column elementor-element elementor-element-a660648\" data-id=\"a660648\" data-element_type=\"column\">\n\t\t\t<div class=\"elementor-widget-wrap elementor-element-populated\">\n\t\t\t\t\t\t<div class=\"elementor-element elementor-element-6a8d09b elementor-widget elementor-widget-text-editor\" data-id=\"6a8d09b\" data-element_type=\"widget\" data-widget_type=\"text-editor.default\">\n\t\t\t\t<div class=\"elementor-widget-container\">\n\t\t\t\t\t\t\t\t\t<p><span style=\"color: #374151; font-family: S\u00f6hne, ui-sans-serif, system-ui, -apple-system, 'Segoe UI', Roboto, Ubuntu, Cantarell, 'Noto Sans', sans-serif, 'Helvetica Neue', Arial, 'Apple Color Emoji', 'Segoe UI Emoji', 'Segoe UI Symbol', 'Noto Color Emoji'; font-size: 16px; white-space-collapse: preserve;\">Ens trobem estrat\u00e8gicament situats al centre de Badalona, prop de l&#8217;ajuntament. Pots localitzar-nos f\u00e0cilment a trav\u00e9s del nostre enlla\u00e7 a Google Maps. Estem a prop de l&#8217;estaci\u00f3 de Renfe, del Metro Pompeu Fabra i de diverses l\u00ednies d&#8217;autob\u00fas. Tamb\u00e9 disposem de diverses zones d&#8217;aparcament a prop. Aquesta ubicaci\u00f3 tan c\u00f2moda ens permet oferir serveis accessibles i pr\u00e0ctics a la comunitat de Badalona i els seus voltants.<\/span><\/p><div><span style=\"color: #343541; font-family: S\u00f6hne, ui-sans-serif, system-ui, -apple-system, 'Segoe UI', Roboto, Ubuntu, Cantarell, 'Noto Sans', sans-serif, 'Helvetica Neue', Arial, 'Apple Color Emoji', 'Segoe UI Emoji', 'Segoe UI Symbol', 'Noto Color Emoji'; font-size: 16px; white-space-collapse: preserve;\">Nos encontramos estrat\u00e9gicamente ubicados en el centro de Badalona, cerca del ayuntamiento. Puedes ubicarnos f\u00e1cilmente a trav\u00e9s de nuestro enlace a Google Maps. Estamos cerca de la estaci\u00f3n de Renfe, del Metro Pompeu Fabra y de varias l\u00edneas de autob\u00fas. Tambi\u00e9n contamos con varias zonas de aparcamiento cerca. Esta conveniente ubicaci\u00f3n nos permite servir a la comunidad de Badalona y sus alrededores con accesibilidad y comodidad.<\/span><span style=\"color: #374151; font-family: S\u00f6hne, ui-sans-serif, system-ui, -apple-system, 'Segoe UI', Roboto, Ubuntu, Cantarell, 'Noto Sans', sans-serif, 'Helvetica Neue', Arial, 'Apple Color Emoji', 'Segoe UI Emoji', 'Segoe UI Symbol', 'Noto Color Emoji'; font-size: 16px; white-space-collapse: preserve;\"><br \/><\/span><\/div>\t\t\t\t\t\t\t\t<\/div>\n\t\t\t\t<\/div>\n\t\t\t\t\t<\/div>\n\t\t<\/div>\n\t\t\t\t\t<\/div>\n\t\t<\/section>\n\t\t\t\t<section class=\"elementor-section elementor-top-section elementor-element elementor-element-4c0034c elementor-section-boxed elementor-section-height-default elementor-section-height-default\" data-id=\"4c0034c\" data-element_type=\"section\">\n\t\t\t\t\t\t<div class=\"elementor-container elementor-column-gap-default\">\n\t\t\t\t\t<div class=\"elementor-column elementor-col-100 elementor-top-column elementor-element elementor-element-d539fde\" data-id=\"d539fde\" data-element_type=\"column\">\n\t\t\t<div class=\"elementor-widget-wrap elementor-element-populated\">\n\t\t\t\t\t\t<div class=\"elementor-element elementor-element-8cdc91e elementor-widget elementor-widget-google_maps\" data-id=\"8cdc91e\" data-element_type=\"widget\" data-widget_type=\"google_maps.default\">\n\t\t\t\t<div class=\"elementor-widget-container\">\n\t\t\t\t\t\t\t<div class=\"elementor-custom-embed\">\n\t\t\t<iframe loading=\"lazy\"\n\t\t\t\t\tsrc=\"https:\/\/maps.google.com\/maps?q=Centre%20%C3%80uria%20Psicolog%C3%ADa%20Badalona&#038;t=m&#038;z=15&#038;output=embed&#038;iwloc=near\"\n\t\t\t\t\ttitle=\"Centre \u00c0uria Psicolog\u00eda Badalona\"\n\t\t\t\t\taria-label=\"Centre \u00c0uria Psicolog\u00eda Badalona\"\n\t\t\t><\/iframe>\n\t\t<\/div>\n\t\t\t\t\t\t<\/div>\n\t\t\t\t<\/div>\n\t\t\t\t\t<\/div>\n\t\t<\/div>\n\t\t\t\t\t<\/div>\n\t\t<\/section>\n\t\t\t\t<\/div>","protected":false},"excerpt":{"rendered":"<p>Ens trobem estrat\u00e8gicament situats al centre de Badalona, prop de l&#8217;ajuntament. Pots localitzar-nos f\u00e0cilment a trav\u00e9s del nostre enlla\u00e7 a Google Maps. Estem a prop de l&#8217;estaci\u00f3 de Renfe, del Metro Pompeu Fabra i de diverses l\u00ednies d&#8217;autob\u00fas. Tamb\u00e9 disposem de diverses zones d&#8217;aparcament a prop. Aquesta ubicaci\u00f3 tan c\u00f2moda ens permet oferir serveis accessibles [&hellip;]<\/p>\n","protected":false},"author":1,"featured_media":0,"parent":0,"menu_order":0,"comment_status":"closed","ping_status":"closed","template":"","meta":{"footnotes":""},"yoast_head":"<!-- This site is optimized with the Yoast SEO plugin v23.5 - https:\/\/yoast.com\/wordpress\/plugins\/seo\/ -->\n<title>D\u00f3nde estamos - Centre \u00c0uria Psicologia<\/title>\n<meta name=\"robots\" content=\"index, follow, max-snippet:-1, max-image-preview:large, max-video-preview:-1\" \/>\n<link rel=\"canonical\" href=\"https:\/\/centreauria.com\/ca\/donde-estamos\/\" \/>\n<meta property=\"og:locale\" content=\"ca_ES\" \/>\n<meta property=\"og:type\" content=\"article\" \/>\n<meta property=\"og:title\" content=\"D\u00f3nde estamos - Centre \u00c0uria Psicologia\" \/>\n<meta property=\"og:description\" content=\"Ens trobem estrat\u00e8gicament situats al centre de Badalona, prop de l&#8217;ajuntament. Pots localitzar-nos f\u00e0cilment a trav\u00e9s del nostre enlla\u00e7 a Google Maps. Estem a prop de l&#8217;estaci\u00f3 de Renfe, del Metro Pompeu Fabra i de diverses l\u00ednies d&#8217;autob\u00fas. Tamb\u00e9 disposem de diverses zones d&#8217;aparcament a prop. Aquesta ubicaci\u00f3 tan c\u00f2moda ens permet oferir serveis accessibles [&hellip;]\" \/>\n<meta property=\"og:url\" content=\"https:\/\/centreauria.com\/ca\/donde-estamos\/\" \/>\n<meta property=\"og:site_name\" content=\"Centre \u00c0uria Psicologia\" \/>\n<meta property=\"article:publisher\" content=\"https:\/\/www.facebook.com\/profile.php?id=100092197562414\" \/>\n<meta property=\"article:modified_time\" content=\"2024-08-26T07:57:07+00:00\" \/>\n<meta name=\"twitter:card\" content=\"summary_large_image\" \/>\n<meta name=\"twitter:label1\" content=\"Temps estimat de lectura\" \/>\n\t<meta name=\"twitter:data1\" content=\"1 minut\" \/>\n<script type=\"application\/ld+json\" class=\"yoast-schema-graph\">{\"@context\":\"https:\/\/schema.org\",\"@graph\":[{\"@type\":\"WebPage\",\"@id\":\"https:\/\/centreauria.com\/donde-estamos\/\",\"url\":\"https:\/\/centreauria.com\/donde-estamos\/\",\"name\":\"D\u00f3nde estamos - Centre \u00c0uria Psicologia\",\"isPartOf\":{\"@id\":\"https:\/\/centreauria.com\/#website\"},\"datePublished\":\"2023-11-12T17:19:01+00:00\",\"dateModified\":\"2024-08-26T07:57:07+00:00\",\"breadcrumb\":{\"@id\":\"https:\/\/centreauria.com\/donde-estamos\/#breadcrumb\"},\"inLanguage\":\"ca\",\"potentialAction\":[{\"@type\":\"ReadAction\",\"target\":[\"https:\/\/centreauria.com\/donde-estamos\/\"]}]},{\"@type\":\"BreadcrumbList\",\"@id\":\"https:\/\/centreauria.com\/donde-estamos\/#breadcrumb\",\"itemListElement\":[{\"@type\":\"ListItem\",\"position\":1,\"name\":\"Portada\",\"item\":\"https:\/\/centreauria.com\/\"},{\"@type\":\"ListItem\",\"position\":2,\"name\":\"D\u00f3nde estamos\"}]},{\"@type\":\"WebSite\",\"@id\":\"https:\/\/centreauria.com\/#website\",\"url\":\"https:\/\/centreauria.com\/\",\"name\":\"Centre \u00c0uria Psicologia\",\"description\":\"Centre de Psicologia a Badalona\",\"publisher\":{\"@id\":\"https:\/\/centreauria.com\/#organization\"},\"alternateName\":\"Psicologia Badalona Centre \u00c0uria Psicologia\",\"potentialAction\":[{\"@type\":\"SearchAction\",\"target\":{\"@type\":\"EntryPoint\",\"urlTemplate\":\"https:\/\/centreauria.com\/?s={search_term_string}\"},\"query-input\":{\"@type\":\"PropertyValueSpecification\",\"valueRequired\":true,\"valueName\":\"search_term_string\"}}],\"inLanguage\":\"ca\"},{\"@type\":\"Organization\",\"@id\":\"https:\/\/centreauria.com\/#organization\",\"name\":\"Centre \u00c0uria\",\"url\":\"https:\/\/centreauria.com\/\",\"logo\":{\"@type\":\"ImageObject\",\"inLanguage\":\"ca\",\"@id\":\"https:\/\/centreauria.com\/#\/schema\/logo\/image\/\",\"url\":\"https:\/\/centreauria.com\/wp-content\/uploads\/2023\/11\/Auria-Capcalera-web-600.jpg\",\"contentUrl\":\"https:\/\/centreauria.com\/wp-content\/uploads\/2023\/11\/Auria-Capcalera-web-600.jpg\",\"width\":600,\"height\":350,\"caption\":\"Centre \u00c0uria\"},\"image\":{\"@id\":\"https:\/\/centreauria.com\/#\/schema\/logo\/image\/\"},\"sameAs\":[\"https:\/\/www.facebook.com\/profile.php?id=100092197562414\",\"https:\/\/www.instagram.com\/centreauria\/\"]}]}<\/script>\n<!-- \/ Yoast SEO plugin. -->","yoast_head_json":{"title":"D\u00f3nde estamos - Centre \u00c0uria Psicologia","robots":{"index":"index","follow":"follow","max-snippet":"max-snippet:-1","max-image-preview":"max-image-preview:large","max-video-preview":"max-video-preview:-1"},"canonical":"https:\/\/centreauria.com\/ca\/donde-estamos\/","og_locale":"ca_ES","og_type":"article","og_title":"D\u00f3nde estamos - Centre \u00c0uria Psicologia","og_description":"Ens trobem estrat\u00e8gicament situats al centre de Badalona, prop de l&#8217;ajuntament. Pots localitzar-nos f\u00e0cilment a trav\u00e9s del nostre enlla\u00e7 a Google Maps. Estem a prop de l&#8217;estaci\u00f3 de Renfe, del Metro Pompeu Fabra i de diverses l\u00ednies d&#8217;autob\u00fas. Tamb\u00e9 disposem de diverses zones d&#8217;aparcament a prop. Aquesta ubicaci\u00f3 tan c\u00f2moda ens permet oferir serveis accessibles [&hellip;]","og_url":"https:\/\/centreauria.com\/ca\/donde-estamos\/","og_site_name":"Centre \u00c0uria Psicologia","article_publisher":"https:\/\/www.facebook.com\/profile.php?id=100092197562414","article_modified_time":"2024-08-26T07:57:07+00:00","twitter_card":"summary_large_image","twitter_misc":{"Temps estimat de lectura":"1 minut"},"schema":{"@context":"https:\/\/schema.org","@graph":[{"@type":"WebPage","@id":"https:\/\/centreauria.com\/donde-estamos\/","url":"https:\/\/centreauria.com\/donde-estamos\/","name":"D\u00f3nde estamos - Centre \u00c0uria Psicologia","isPartOf":{"@id":"https:\/\/centreauria.com\/#website"},"datePublished":"2023-11-12T17:19:01+00:00","dateModified":"2024-08-26T07:57:07+00:00","breadcrumb":{"@id":"https:\/\/centreauria.com\/donde-estamos\/#breadcrumb"},"inLanguage":"ca","potentialAction":[{"@type":"ReadAction","target":["https:\/\/centreauria.com\/donde-estamos\/"]}]},{"@type":"BreadcrumbList","@id":"https:\/\/centreauria.com\/donde-estamos\/#breadcrumb","itemListElement":[{"@type":"ListItem","position":1,"name":"Portada","item":"https:\/\/centreauria.com\/"},{"@type":"ListItem","position":2,"name":"D\u00f3nde estamos"}]},{"@type":"WebSite","@id":"https:\/\/centreauria.com\/#website","url":"https:\/\/centreauria.com\/","name":"Centre \u00c0uria Psicologia","description":"Centre de Psicologia a Badalona","publisher":{"@id":"https:\/\/centreauria.com\/#organization"},"alternateName":"Psicologia Badalona Centre \u00c0uria Psicologia","potentialAction":[{"@type":"SearchAction","target":{"@type":"EntryPoint","urlTemplate":"https:\/\/centreauria.com\/?s={search_term_string}"},"query-input":{"@type":"PropertyValueSpecification","valueRequired":true,"valueName":"search_term_string"}}],"inLanguage":"ca"},{"@type":"Organization","@id":"https:\/\/centreauria.com\/#organization","name":"Centre \u00c0uria","url":"https:\/\/centreauria.com\/","logo":{"@type":"ImageObject","inLanguage":"ca","@id":"https:\/\/centreauria.com\/#\/schema\/logo\/image\/","url":"https:\/\/centreauria.com\/wp-content\/uploads\/2023\/11\/Auria-Capcalera-web-600.jpg","contentUrl":"https:\/\/centreauria.com\/wp-content\/uploads\/2023\/11\/Auria-Capcalera-web-600.jpg","width":600,"height":350,"caption":"Centre \u00c0uria"},"image":{"@id":"https:\/\/centreauria.com\/#\/schema\/logo\/image\/"},"sameAs":["https:\/\/www.facebook.com\/profile.php?id=100092197562414","https:\/\/www.instagram.com\/centreauria\/"]}]}},"_links":{"self":[{"href":"https:\/\/centreauria.com\/ca\/wp-json\/wp\/v2\/pages\/29"}],"collection":[{"href":"https:\/\/centreauria.com\/ca\/wp-json\/wp\/v2\/pages"}],"about":[{"href":"https:\/\/centreauria.com\/ca\/wp-json\/wp\/v2\/types\/page"}],"author":[{"embeddable":true,"href":"https:\/\/centreauria.com\/ca\/wp-json\/wp\/v2\/users\/1"}],"replies":[{"embeddable":true,"href":"https:\/\/centreauria.com\/ca\/wp-json\/wp\/v2\/comments?post=29"}],"version-history":[{"count":0,"href":"https:\/\/centreauria.com\/ca\/wp-json\/wp\/v2\/pages\/29\/revisions"}],"wp:attachment":[{"href":"https:\/\/centreauria.com\/ca\/wp-json\/wp\/v2\/media?parent=29"}],"curies":[{"name":"wp","href":"https:\/\/api.w.org\/{rel}","templated":true}]}}