{"id":32,"date":"2023-11-12T17:19:00","date_gmt":"2023-11-12T17:19:00","guid":{"rendered":"https:\/\/centreauria.com\/?page_id=32"},"modified":"2025-01-02T09:30:02","modified_gmt":"2025-01-02T09:30:02","slug":"contacto","status":"publish","type":"page","link":"https:\/\/centreauria.com\/ca\/contacto\/","title":{"rendered":"Contacto y Reservas"},"content":{"rendered":"<div data-elementor-type=\"wp-post\" data-elementor-id=\"32\" class=\"elementor elementor-32\">\n\t\t\t\t\t\t<section class=\"elementor-section elementor-top-section elementor-element elementor-element-da392a7 elementor-section-boxed elementor-section-height-default elementor-section-height-default\" data-id=\"da392a7\" data-element_type=\"section\">\n\t\t\t\t\t\t<div class=\"elementor-container elementor-column-gap-default\">\n\t\t\t\t\t<div class=\"elementor-column elementor-col-100 elementor-top-column elementor-element elementor-element-c0c4c7b\" data-id=\"c0c4c7b\" data-element_type=\"column\">\n\t\t\t<div class=\"elementor-widget-wrap elementor-element-populated\">\n\t\t\t\t\t\t<div class=\"elementor-element elementor-element-5c948b1 elementor-widget elementor-widget-text-editor\" data-id=\"5c948b1\" data-element_type=\"widget\" data-widget_type=\"text-editor.default\">\n\t\t\t\t<div class=\"elementor-widget-container\">\n\t\t\t\t\t\t\t\t\t<p>Para contactar con Centre \u00c0uria, nos podeis enviar un WhatsApp (preferiblemente, escoger esta opci\u00f3n). Lo pod\u00e9is hacer r\u00e1pidamente des del enlace.\u00a0<\/p><p>Si quer\u00e9is reservar por llamada telef\u00f3nica, por WhatsApp podemos agendar el mejor momento para poder atenderos con tiempo y con la mejor calidad.\u00a0<\/p>\t\t\t\t\t\t\t\t<\/div>\n\t\t\t\t<\/div>\n\t\t\t\t\t<\/div>\n\t\t<\/div>\n\t\t\t\t\t<\/div>\n\t\t<\/section>\n\t\t\t\t<section class=\"elementor-section elementor-top-section elementor-element elementor-element-99a8c70 elementor-section-boxed elementor-section-height-default elementor-section-height-default\" data-id=\"99a8c70\" data-element_type=\"section\">\n\t\t\t\t\t\t<div class=\"elementor-container elementor-column-gap-default\">\n\t\t\t\t\t<div class=\"elementor-column elementor-col-50 elementor-top-column elementor-element elementor-element-4e67e60\" data-id=\"4e67e60\" data-element_type=\"column\">\n\t\t\t<div class=\"elementor-widget-wrap elementor-element-populated\">\n\t\t\t\t\t\t<div class=\"elementor-element elementor-element-b93da6e elementor-position-top elementor-position-top elementor-widget elementor-widget-image-box\" data-id=\"b93da6e\" data-element_type=\"widget\" data-widget_type=\"image-box.default\">\n\t\t\t\t<div class=\"elementor-widget-container\">\n\t\t\t\t\t<div class=\"elementor-image-box-wrapper\"><figure class=\"elementor-image-box-img\"><a href=\"https:\/\/api.whatsapp.com\/send?phone=34644278428&#038;text=Hola,%20contacto%20con%20Centre%20%C3%80uria%20para%20pedir%20informaci%C3%B3n%20sobre...%20\" tabindex=\"-1\"><img fetchpriority=\"high\" decoding=\"async\" width=\"600\" height=\"600\" src=\"https:\/\/centreauria.com\/wp-content\/uploads\/2023\/12\/ENVIAR-WHATSAPP-CENTRE-AURIA.jpg\" class=\"attachment-full size-full wp-image-377\" alt=\"\" srcset=\"https:\/\/centreauria.com\/wp-content\/uploads\/2023\/12\/ENVIAR-WHATSAPP-CENTRE-AURIA.jpg 600w, https:\/\/centreauria.com\/wp-content\/uploads\/2023\/12\/ENVIAR-WHATSAPP-CENTRE-AURIA-300x300.jpg 300w, https:\/\/centreauria.com\/wp-content\/uploads\/2023\/12\/ENVIAR-WHATSAPP-CENTRE-AURIA-150x150.jpg 150w\" sizes=\"(max-width: 600px) 100vw, 600px\" \/><\/a><\/figure><div class=\"elementor-image-box-content\"><h3 class=\"elementor-image-box-title\"><a href=\"https:\/\/api.whatsapp.com\/send?phone=34644278428&#038;text=Hola,%20contacto%20con%20Centre%20%C3%80uria%20para%20pedir%20informaci%C3%B3n%20sobre...%20\">Envia'ns un Whatsapp<\/a><\/h3><p class=\"elementor-image-box-description\">Preferiblement, tria aquesta opci\u00f3. Deixa el teu missatge al whatsapp i l'atendrem el m\u00e9s aviat possible. <\/p><\/div><\/div>\t\t\t\t<\/div>\n\t\t\t\t<\/div>\n\t\t\t\t\t<\/div>\n\t\t<\/div>\n\t\t\t\t<div class=\"elementor-column elementor-col-50 elementor-top-column elementor-element elementor-element-bced4ae\" data-id=\"bced4ae\" data-element_type=\"column\">\n\t\t\t<div class=\"elementor-widget-wrap elementor-element-populated\">\n\t\t\t\t\t\t<div class=\"elementor-element elementor-element-8c86138 elementor-position-top elementor-widget elementor-widget-image-box\" data-id=\"8c86138\" data-element_type=\"widget\" data-widget_type=\"image-box.default\">\n\t\t\t\t<div class=\"elementor-widget-container\">\n\t\t\t\t\t<div class=\"elementor-image-box-wrapper\"><figure class=\"elementor-image-box-img\"><a href=\"https:\/\/api.whatsapp.com\/send?phone=34644278428&#038;text=Hola,%20contacto%20con%20Centre%20%C3%80uria%20para%20pedir%20informaci%C3%B3n%20sobre...%20\" tabindex=\"-1\"><img decoding=\"async\" width=\"600\" height=\"600\" src=\"https:\/\/centreauria.com\/wp-content\/uploads\/2023\/12\/TRUCAR-CENTRE-AURIA.jpg\" class=\"attachment-full size-full wp-image-374\" alt=\"\" srcset=\"https:\/\/centreauria.com\/wp-content\/uploads\/2023\/12\/TRUCAR-CENTRE-AURIA.jpg 600w, https:\/\/centreauria.com\/wp-content\/uploads\/2023\/12\/TRUCAR-CENTRE-AURIA-300x300.jpg 300w, https:\/\/centreauria.com\/wp-content\/uploads\/2023\/12\/TRUCAR-CENTRE-AURIA-150x150.jpg 150w\" sizes=\"(max-width: 600px) 100vw, 600px\" \/><\/a><\/figure><div class=\"elementor-image-box-content\"><h3 class=\"elementor-image-box-title\"><a href=\"https:\/\/api.whatsapp.com\/send?phone=34644278428&#038;text=Hola,%20contacto%20con%20Centre%20%C3%80uria%20para%20pedir%20informaci%C3%B3n%20sobre...%20\">Truca'ns<\/a><\/h3><p class=\"elementor-image-box-description\">Truca'ns al nostre tel\u00e8fon. <br>644 27 84 28<br><br><\/p><\/div><\/div>\t\t\t\t<\/div>\n\t\t\t\t<\/div>\n\t\t\t\t\t<\/div>\n\t\t<\/div>\n\t\t\t\t\t<\/div>\n\t\t<\/section>\n\t\t\t\t<\/div>","protected":false},"excerpt":{"rendered":"<p>Para contactar con Centre \u00c0uria, nos podeis enviar un WhatsApp (preferiblemente, escoger esta opci\u00f3n). Lo pod\u00e9is hacer r\u00e1pidamente des del enlace.\u00a0 Si quer\u00e9is reservar por llamada telef\u00f3nica, por WhatsApp podemos agendar el mejor momento para poder atenderos con tiempo y con la mejor calidad.\u00a0 Envia&#8217;ns un Whatsapp Preferiblement, tria aquesta opci\u00f3. Deixa el teu missatge [&hellip;]<\/p>\n","protected":false},"author":1,"featured_media":0,"parent":0,"menu_order":0,"comment_status":"closed","ping_status":"closed","template":"","meta":{"footnotes":""},"yoast_head":"<!-- This site is optimized with the Yoast SEO plugin v23.5 - https:\/\/yoast.com\/wordpress\/plugins\/seo\/ -->\n<title>Contacto y Reservas - Centre \u00c0uria Psicologia<\/title>\n<meta name=\"robots\" content=\"index, follow, max-snippet:-1, max-image-preview:large, max-video-preview:-1\" \/>\n<link rel=\"canonical\" href=\"https:\/\/centreauria.com\/ca\/contacto\/\" \/>\n<meta property=\"og:locale\" content=\"ca_ES\" \/>\n<meta property=\"og:type\" content=\"article\" \/>\n<meta property=\"og:title\" content=\"Contacto y Reservas - Centre \u00c0uria Psicologia\" \/>\n<meta property=\"og:description\" content=\"Para contactar con Centre \u00c0uria, nos podeis enviar un WhatsApp (preferiblemente, escoger esta opci\u00f3n). Lo pod\u00e9is hacer r\u00e1pidamente des del enlace.\u00a0 Si quer\u00e9is reservar por llamada telef\u00f3nica, por WhatsApp podemos agendar el mejor momento para poder atenderos con tiempo y con la mejor calidad.\u00a0 Envia&#8217;ns un Whatsapp Preferiblement, tria aquesta opci\u00f3. Deixa el teu missatge [&hellip;]\" \/>\n<meta property=\"og:url\" content=\"https:\/\/centreauria.com\/ca\/contacto\/\" \/>\n<meta property=\"og:site_name\" content=\"Centre \u00c0uria Psicologia\" \/>\n<meta property=\"article:publisher\" content=\"https:\/\/www.facebook.com\/profile.php?id=100092197562414\" \/>\n<meta property=\"article:modified_time\" content=\"2025-01-02T09:30:02+00:00\" \/>\n<meta property=\"og:image\" content=\"https:\/\/centreauria.com\/wp-content\/uploads\/2023\/12\/ENVIAR-WHATSAPP-CENTRE-AURIA.jpg\" \/>\n<meta name=\"twitter:card\" content=\"summary_large_image\" \/>\n<meta name=\"twitter:label1\" content=\"Temps estimat de lectura\" \/>\n\t<meta name=\"twitter:data1\" content=\"1 minut\" \/>\n<script type=\"application\/ld+json\" class=\"yoast-schema-graph\">{\"@context\":\"https:\/\/schema.org\",\"@graph\":[{\"@type\":\"WebPage\",\"@id\":\"https:\/\/centreauria.com\/contacto\/\",\"url\":\"https:\/\/centreauria.com\/contacto\/\",\"name\":\"Contacto y Reservas - Centre \u00c0uria Psicologia\",\"isPartOf\":{\"@id\":\"https:\/\/centreauria.com\/#website\"},\"primaryImageOfPage\":{\"@id\":\"https:\/\/centreauria.com\/contacto\/#primaryimage\"},\"image\":{\"@id\":\"https:\/\/centreauria.com\/contacto\/#primaryimage\"},\"thumbnailUrl\":\"https:\/\/centreauria.com\/wp-content\/uploads\/2023\/12\/ENVIAR-WHATSAPP-CENTRE-AURIA.jpg\",\"datePublished\":\"2023-11-12T17:19:00+00:00\",\"dateModified\":\"2025-01-02T09:30:02+00:00\",\"breadcrumb\":{\"@id\":\"https:\/\/centreauria.com\/contacto\/#breadcrumb\"},\"inLanguage\":\"ca\",\"potentialAction\":[{\"@type\":\"ReadAction\",\"target\":[\"https:\/\/centreauria.com\/contacto\/\"]}]},{\"@type\":\"ImageObject\",\"inLanguage\":\"ca\",\"@id\":\"https:\/\/centreauria.com\/contacto\/#primaryimage\",\"url\":\"https:\/\/centreauria.com\/wp-content\/uploads\/2023\/12\/ENVIAR-WHATSAPP-CENTRE-AURIA.jpg\",\"contentUrl\":\"https:\/\/centreauria.com\/wp-content\/uploads\/2023\/12\/ENVIAR-WHATSAPP-CENTRE-AURIA.jpg\"},{\"@type\":\"BreadcrumbList\",\"@id\":\"https:\/\/centreauria.com\/contacto\/#breadcrumb\",\"itemListElement\":[{\"@type\":\"ListItem\",\"position\":1,\"name\":\"Portada\",\"item\":\"https:\/\/centreauria.com\/\"},{\"@type\":\"ListItem\",\"position\":2,\"name\":\"Contacto y Reservas\"}]},{\"@type\":\"WebSite\",\"@id\":\"https:\/\/centreauria.com\/#website\",\"url\":\"https:\/\/centreauria.com\/\",\"name\":\"Centre \u00c0uria Psicologia\",\"description\":\"Centre de Psicologia a Badalona\",\"publisher\":{\"@id\":\"https:\/\/centreauria.com\/#organization\"},\"alternateName\":\"Psicologia Badalona Centre \u00c0uria Psicologia\",\"potentialAction\":[{\"@type\":\"SearchAction\",\"target\":{\"@type\":\"EntryPoint\",\"urlTemplate\":\"https:\/\/centreauria.com\/?s={search_term_string}\"},\"query-input\":{\"@type\":\"PropertyValueSpecification\",\"valueRequired\":true,\"valueName\":\"search_term_string\"}}],\"inLanguage\":\"ca\"},{\"@type\":\"Organization\",\"@id\":\"https:\/\/centreauria.com\/#organization\",\"name\":\"Centre \u00c0uria\",\"url\":\"https:\/\/centreauria.com\/\",\"logo\":{\"@type\":\"ImageObject\",\"inLanguage\":\"ca\",\"@id\":\"https:\/\/centreauria.com\/#\/schema\/logo\/image\/\",\"url\":\"https:\/\/centreauria.com\/wp-content\/uploads\/2023\/11\/Auria-Capcalera-web-600.jpg\",\"contentUrl\":\"https:\/\/centreauria.com\/wp-content\/uploads\/2023\/11\/Auria-Capcalera-web-600.jpg\",\"width\":600,\"height\":350,\"caption\":\"Centre \u00c0uria\"},\"image\":{\"@id\":\"https:\/\/centreauria.com\/#\/schema\/logo\/image\/\"},\"sameAs\":[\"https:\/\/www.facebook.com\/profile.php?id=100092197562414\",\"https:\/\/www.instagram.com\/centreauria\/\"]}]}<\/script>\n<!-- \/ Yoast SEO plugin. -->","yoast_head_json":{"title":"Contacto y Reservas - Centre \u00c0uria Psicologia","robots":{"index":"index","follow":"follow","max-snippet":"max-snippet:-1","max-image-preview":"max-image-preview:large","max-video-preview":"max-video-preview:-1"},"canonical":"https:\/\/centreauria.com\/ca\/contacto\/","og_locale":"ca_ES","og_type":"article","og_title":"Contacto y Reservas - Centre \u00c0uria Psicologia","og_description":"Para contactar con Centre \u00c0uria, nos podeis enviar un WhatsApp (preferiblemente, escoger esta opci\u00f3n). Lo pod\u00e9is hacer r\u00e1pidamente des del enlace.\u00a0 Si quer\u00e9is reservar por llamada telef\u00f3nica, por WhatsApp podemos agendar el mejor momento para poder atenderos con tiempo y con la mejor calidad.\u00a0 Envia&#8217;ns un Whatsapp Preferiblement, tria aquesta opci\u00f3. Deixa el teu missatge [&hellip;]","og_url":"https:\/\/centreauria.com\/ca\/contacto\/","og_site_name":"Centre \u00c0uria Psicologia","article_publisher":"https:\/\/www.facebook.com\/profile.php?id=100092197562414","article_modified_time":"2025-01-02T09:30:02+00:00","og_image":[{"url":"https:\/\/centreauria.com\/wp-content\/uploads\/2023\/12\/ENVIAR-WHATSAPP-CENTRE-AURIA.jpg"}],"twitter_card":"summary_large_image","twitter_misc":{"Temps estimat de lectura":"1 minut"},"schema":{"@context":"https:\/\/schema.org","@graph":[{"@type":"WebPage","@id":"https:\/\/centreauria.com\/contacto\/","url":"https:\/\/centreauria.com\/contacto\/","name":"Contacto y Reservas - Centre \u00c0uria Psicologia","isPartOf":{"@id":"https:\/\/centreauria.com\/#website"},"primaryImageOfPage":{"@id":"https:\/\/centreauria.com\/contacto\/#primaryimage"},"image":{"@id":"https:\/\/centreauria.com\/contacto\/#primaryimage"},"thumbnailUrl":"https:\/\/centreauria.com\/wp-content\/uploads\/2023\/12\/ENVIAR-WHATSAPP-CENTRE-AURIA.jpg","datePublished":"2023-11-12T17:19:00+00:00","dateModified":"2025-01-02T09:30:02+00:00","breadcrumb":{"@id":"https:\/\/centreauria.com\/contacto\/#breadcrumb"},"inLanguage":"ca","potentialAction":[{"@type":"ReadAction","target":["https:\/\/centreauria.com\/contacto\/"]}]},{"@type":"ImageObject","inLanguage":"ca","@id":"https:\/\/centreauria.com\/contacto\/#primaryimage","url":"https:\/\/centreauria.com\/wp-content\/uploads\/2023\/12\/ENVIAR-WHATSAPP-CENTRE-AURIA.jpg","contentUrl":"https:\/\/centreauria.com\/wp-content\/uploads\/2023\/12\/ENVIAR-WHATSAPP-CENTRE-AURIA.jpg"},{"@type":"BreadcrumbList","@id":"https:\/\/centreauria.com\/contacto\/#breadcrumb","itemListElement":[{"@type":"ListItem","position":1,"name":"Portada","item":"https:\/\/centreauria.com\/"},{"@type":"ListItem","position":2,"name":"Contacto y Reservas"}]},{"@type":"WebSite","@id":"https:\/\/centreauria.com\/#website","url":"https:\/\/centreauria.com\/","name":"Centre \u00c0uria Psicologia","description":"Centre de Psicologia a Badalona","publisher":{"@id":"https:\/\/centreauria.com\/#organization"},"alternateName":"Psicologia Badalona Centre \u00c0uria Psicologia","potentialAction":[{"@type":"SearchAction","target":{"@type":"EntryPoint","urlTemplate":"https:\/\/centreauria.com\/?s={search_term_string}"},"query-input":{"@type":"PropertyValueSpecification","valueRequired":true,"valueName":"search_term_string"}}],"inLanguage":"ca"},{"@type":"Organization","@id":"https:\/\/centreauria.com\/#organization","name":"Centre \u00c0uria","url":"https:\/\/centreauria.com\/","logo":{"@type":"ImageObject","inLanguage":"ca","@id":"https:\/\/centreauria.com\/#\/schema\/logo\/image\/","url":"https:\/\/centreauria.com\/wp-content\/uploads\/2023\/11\/Auria-Capcalera-web-600.jpg","contentUrl":"https:\/\/centreauria.com\/wp-content\/uploads\/2023\/11\/Auria-Capcalera-web-600.jpg","width":600,"height":350,"caption":"Centre \u00c0uria"},"image":{"@id":"https:\/\/centreauria.com\/#\/schema\/logo\/image\/"},"sameAs":["https:\/\/www.facebook.com\/profile.php?id=100092197562414","https:\/\/www.instagram.com\/centreauria\/"]}]}},"_links":{"self":[{"href":"https:\/\/centreauria.com\/ca\/wp-json\/wp\/v2\/pages\/32"}],"collection":[{"href":"https:\/\/centreauria.com\/ca\/wp-json\/wp\/v2\/pages"}],"about":[{"href":"https:\/\/centreauria.com\/ca\/wp-json\/wp\/v2\/types\/page"}],"author":[{"embeddable":true,"href":"https:\/\/centreauria.com\/ca\/wp-json\/wp\/v2\/users\/1"}],"replies":[{"embeddable":true,"href":"https:\/\/centreauria.com\/ca\/wp-json\/wp\/v2\/comments?post=32"}],"version-history":[{"count":0,"href":"https:\/\/centreauria.com\/ca\/wp-json\/wp\/v2\/pages\/32\/revisions"}],"wp:attachment":[{"href":"https:\/\/centreauria.com\/ca\/wp-json\/wp\/v2\/media?parent=32"}],"curies":[{"name":"wp","href":"https:\/\/api.w.org\/{rel}","templated":true}]}}