{"id":513,"date":"2024-03-21T08:12:58","date_gmt":"2024-03-21T08:12:58","guid":{"rendered":"https:\/\/centreauria.com\/?page_id=513"},"modified":"2024-08-13T10:44:54","modified_gmt":"2024-08-13T10:44:54","slug":"talleres-badalona","status":"publish","type":"page","link":"https:\/\/centreauria.com\/ca\/talleres-badalona\/","title":{"rendered":"Talleres Badalona"},"content":{"rendered":"<div data-elementor-type=\"wp-page\" data-elementor-id=\"513\" class=\"elementor elementor-513\">\n\t\t\t\t\t\t<section class=\"elementor-section elementor-top-section elementor-element elementor-element-07b206f elementor-section-boxed elementor-section-height-default elementor-section-height-default\" data-id=\"07b206f\" data-element_type=\"section\">\n\t\t\t\t\t\t<div class=\"elementor-container elementor-column-gap-default\">\n\t\t\t\t\t<div class=\"elementor-column elementor-col-100 elementor-top-column elementor-element elementor-element-cd34ac1\" data-id=\"cd34ac1\" data-element_type=\"column\">\n\t\t\t<div class=\"elementor-widget-wrap elementor-element-populated\">\n\t\t\t\t\t\t<div class=\"elementor-element elementor-element-ba3208f elementor-widget elementor-widget-text-editor\" data-id=\"ba3208f\" data-element_type=\"widget\" data-widget_type=\"text-editor.default\">\n\t\t\t\t<div class=\"elementor-widget-container\">\n\t\t\t\t\t\t\t\t\t<p>A Centre \u00c0uria, a m\u00e9s de serveis de psicoter\u00e0pia, tamb\u00e9 oferim tallers als que podeu assistir sigueu o no ja clients del nostre centre. Els tallers es faran a Badalona, a menys que al taller indiqui el contrari.&nbsp;<\/p>\n<p>Seran tallers dedicats al creixement personal, a la psicologia, nutrici\u00f3 i benestar.&nbsp;<\/p>\n<p>Anirem anunciant els tallers que s&#8217;imparteixen, als quals us hi podreu unir a trav\u00e9s els contactes i enlla\u00e7os d&#8217;aquesta mateixa p\u00e0gina.&nbsp;<\/p>\n<p>Us veiem als tallers i esperem que els gaudiu!<\/p>\t\t\t\t\t\t\t\t<\/div>\n\t\t\t\t<\/div>\n\t\t\t\t\t<\/div>\n\t\t<\/div>\n\t\t\t\t\t<\/div>\n\t\t<\/section>\n\t\t\t\t<\/div>","protected":false},"excerpt":{"rendered":"<p>A Centre \u00c0uria, a m\u00e9s de serveis de psicoter\u00e0pia, tamb\u00e9 oferim tallers als que podeu assistir sigueu o no ja clients del nostre centre. Els tallers es faran a Badalona, a menys que al taller indiqui el contrari.&nbsp; Seran tallers dedicats al creixement personal, a la psicologia, nutrici\u00f3 i benestar.&nbsp; Anirem anunciant els tallers que [&hellip;]<\/p>\n","protected":false},"author":1,"featured_media":0,"parent":0,"menu_order":0,"comment_status":"closed","ping_status":"closed","template":"","meta":{"footnotes":""},"yoast_head":"<!-- This site is optimized with the Yoast SEO plugin v23.5 - https:\/\/yoast.com\/wordpress\/plugins\/seo\/ -->\n<title>Talleres Badalona - Centre \u00c0uria Psicologia<\/title>\n<meta name=\"robots\" content=\"index, follow, max-snippet:-1, max-image-preview:large, max-video-preview:-1\" \/>\n<link rel=\"canonical\" href=\"https:\/\/centreauria.com\/ca\/talleres-badalona\/\" \/>\n<meta property=\"og:locale\" content=\"ca_ES\" \/>\n<meta property=\"og:type\" content=\"article\" \/>\n<meta property=\"og:title\" content=\"Talleres Badalona - Centre \u00c0uria Psicologia\" \/>\n<meta property=\"og:description\" content=\"A Centre \u00c0uria, a m\u00e9s de serveis de psicoter\u00e0pia, tamb\u00e9 oferim tallers als que podeu assistir sigueu o no ja clients del nostre centre. Els tallers es faran a Badalona, a menys que al taller indiqui el contrari.&nbsp; Seran tallers dedicats al creixement personal, a la psicologia, nutrici\u00f3 i benestar.&nbsp; Anirem anunciant els tallers que [&hellip;]\" \/>\n<meta property=\"og:url\" content=\"https:\/\/centreauria.com\/ca\/talleres-badalona\/\" \/>\n<meta property=\"og:site_name\" content=\"Centre \u00c0uria Psicologia\" \/>\n<meta property=\"article:publisher\" content=\"https:\/\/www.facebook.com\/profile.php?id=100092197562414\" \/>\n<meta property=\"article:modified_time\" content=\"2024-08-13T10:44:54+00:00\" \/>\n<meta name=\"twitter:card\" content=\"summary_large_image\" \/>\n<meta name=\"twitter:label1\" content=\"Temps estimat de lectura\" \/>\n\t<meta name=\"twitter:data1\" content=\"1 minut\" \/>\n<script type=\"application\/ld+json\" class=\"yoast-schema-graph\">{\"@context\":\"https:\/\/schema.org\",\"@graph\":[{\"@type\":\"WebPage\",\"@id\":\"https:\/\/centreauria.com\/talleres-badalona\/\",\"url\":\"https:\/\/centreauria.com\/talleres-badalona\/\",\"name\":\"Talleres Badalona - Centre \u00c0uria Psicologia\",\"isPartOf\":{\"@id\":\"https:\/\/centreauria.com\/#website\"},\"datePublished\":\"2024-03-21T08:12:58+00:00\",\"dateModified\":\"2024-08-13T10:44:54+00:00\",\"breadcrumb\":{\"@id\":\"https:\/\/centreauria.com\/talleres-badalona\/#breadcrumb\"},\"inLanguage\":\"ca\",\"potentialAction\":[{\"@type\":\"ReadAction\",\"target\":[\"https:\/\/centreauria.com\/talleres-badalona\/\"]}]},{\"@type\":\"BreadcrumbList\",\"@id\":\"https:\/\/centreauria.com\/talleres-badalona\/#breadcrumb\",\"itemListElement\":[{\"@type\":\"ListItem\",\"position\":1,\"name\":\"Portada\",\"item\":\"https:\/\/centreauria.com\/\"},{\"@type\":\"ListItem\",\"position\":2,\"name\":\"Talleres Badalona\"}]},{\"@type\":\"WebSite\",\"@id\":\"https:\/\/centreauria.com\/#website\",\"url\":\"https:\/\/centreauria.com\/\",\"name\":\"Centre \u00c0uria Psicologia\",\"description\":\"Centre de Psicologia a Badalona\",\"publisher\":{\"@id\":\"https:\/\/centreauria.com\/#organization\"},\"alternateName\":\"Psicologia Badalona Centre \u00c0uria Psicologia\",\"potentialAction\":[{\"@type\":\"SearchAction\",\"target\":{\"@type\":\"EntryPoint\",\"urlTemplate\":\"https:\/\/centreauria.com\/?s={search_term_string}\"},\"query-input\":{\"@type\":\"PropertyValueSpecification\",\"valueRequired\":true,\"valueName\":\"search_term_string\"}}],\"inLanguage\":\"ca\"},{\"@type\":\"Organization\",\"@id\":\"https:\/\/centreauria.com\/#organization\",\"name\":\"Centre \u00c0uria\",\"url\":\"https:\/\/centreauria.com\/\",\"logo\":{\"@type\":\"ImageObject\",\"inLanguage\":\"ca\",\"@id\":\"https:\/\/centreauria.com\/#\/schema\/logo\/image\/\",\"url\":\"https:\/\/centreauria.com\/wp-content\/uploads\/2023\/11\/Auria-Capcalera-web-600.jpg\",\"contentUrl\":\"https:\/\/centreauria.com\/wp-content\/uploads\/2023\/11\/Auria-Capcalera-web-600.jpg\",\"width\":600,\"height\":350,\"caption\":\"Centre \u00c0uria\"},\"image\":{\"@id\":\"https:\/\/centreauria.com\/#\/schema\/logo\/image\/\"},\"sameAs\":[\"https:\/\/www.facebook.com\/profile.php?id=100092197562414\",\"https:\/\/www.instagram.com\/centreauria\/\"]}]}<\/script>\n<!-- \/ Yoast SEO plugin. -->","yoast_head_json":{"title":"Talleres Badalona - Centre \u00c0uria Psicologia","robots":{"index":"index","follow":"follow","max-snippet":"max-snippet:-1","max-image-preview":"max-image-preview:large","max-video-preview":"max-video-preview:-1"},"canonical":"https:\/\/centreauria.com\/ca\/talleres-badalona\/","og_locale":"ca_ES","og_type":"article","og_title":"Talleres Badalona - Centre \u00c0uria Psicologia","og_description":"A Centre \u00c0uria, a m\u00e9s de serveis de psicoter\u00e0pia, tamb\u00e9 oferim tallers als que podeu assistir sigueu o no ja clients del nostre centre. Els tallers es faran a Badalona, a menys que al taller indiqui el contrari.&nbsp; Seran tallers dedicats al creixement personal, a la psicologia, nutrici\u00f3 i benestar.&nbsp; Anirem anunciant els tallers que [&hellip;]","og_url":"https:\/\/centreauria.com\/ca\/talleres-badalona\/","og_site_name":"Centre \u00c0uria Psicologia","article_publisher":"https:\/\/www.facebook.com\/profile.php?id=100092197562414","article_modified_time":"2024-08-13T10:44:54+00:00","twitter_card":"summary_large_image","twitter_misc":{"Temps estimat de lectura":"1 minut"},"schema":{"@context":"https:\/\/schema.org","@graph":[{"@type":"WebPage","@id":"https:\/\/centreauria.com\/talleres-badalona\/","url":"https:\/\/centreauria.com\/talleres-badalona\/","name":"Talleres Badalona - Centre \u00c0uria Psicologia","isPartOf":{"@id":"https:\/\/centreauria.com\/#website"},"datePublished":"2024-03-21T08:12:58+00:00","dateModified":"2024-08-13T10:44:54+00:00","breadcrumb":{"@id":"https:\/\/centreauria.com\/talleres-badalona\/#breadcrumb"},"inLanguage":"ca","potentialAction":[{"@type":"ReadAction","target":["https:\/\/centreauria.com\/talleres-badalona\/"]}]},{"@type":"BreadcrumbList","@id":"https:\/\/centreauria.com\/talleres-badalona\/#breadcrumb","itemListElement":[{"@type":"ListItem","position":1,"name":"Portada","item":"https:\/\/centreauria.com\/"},{"@type":"ListItem","position":2,"name":"Talleres Badalona"}]},{"@type":"WebSite","@id":"https:\/\/centreauria.com\/#website","url":"https:\/\/centreauria.com\/","name":"Centre \u00c0uria Psicologia","description":"Centre de Psicologia a Badalona","publisher":{"@id":"https:\/\/centreauria.com\/#organization"},"alternateName":"Psicologia Badalona Centre \u00c0uria Psicologia","potentialAction":[{"@type":"SearchAction","target":{"@type":"EntryPoint","urlTemplate":"https:\/\/centreauria.com\/?s={search_term_string}"},"query-input":{"@type":"PropertyValueSpecification","valueRequired":true,"valueName":"search_term_string"}}],"inLanguage":"ca"},{"@type":"Organization","@id":"https:\/\/centreauria.com\/#organization","name":"Centre \u00c0uria","url":"https:\/\/centreauria.com\/","logo":{"@type":"ImageObject","inLanguage":"ca","@id":"https:\/\/centreauria.com\/#\/schema\/logo\/image\/","url":"https:\/\/centreauria.com\/wp-content\/uploads\/2023\/11\/Auria-Capcalera-web-600.jpg","contentUrl":"https:\/\/centreauria.com\/wp-content\/uploads\/2023\/11\/Auria-Capcalera-web-600.jpg","width":600,"height":350,"caption":"Centre \u00c0uria"},"image":{"@id":"https:\/\/centreauria.com\/#\/schema\/logo\/image\/"},"sameAs":["https:\/\/www.facebook.com\/profile.php?id=100092197562414","https:\/\/www.instagram.com\/centreauria\/"]}]}},"_links":{"self":[{"href":"https:\/\/centreauria.com\/ca\/wp-json\/wp\/v2\/pages\/513"}],"collection":[{"href":"https:\/\/centreauria.com\/ca\/wp-json\/wp\/v2\/pages"}],"about":[{"href":"https:\/\/centreauria.com\/ca\/wp-json\/wp\/v2\/types\/page"}],"author":[{"embeddable":true,"href":"https:\/\/centreauria.com\/ca\/wp-json\/wp\/v2\/users\/1"}],"replies":[{"embeddable":true,"href":"https:\/\/centreauria.com\/ca\/wp-json\/wp\/v2\/comments?post=513"}],"version-history":[{"count":0,"href":"https:\/\/centreauria.com\/ca\/wp-json\/wp\/v2\/pages\/513\/revisions"}],"wp:attachment":[{"href":"https:\/\/centreauria.com\/ca\/wp-json\/wp\/v2\/media?parent=513"}],"curies":[{"name":"wp","href":"https:\/\/api.w.org\/{rel}","templated":true}]}}